{"id":516,"date":"2016-02-19T16:17:17","date_gmt":"2016-02-19T16:17:17","guid":{"rendered":"http:\/\/demowp.cththemes.net\/monolit\/?page_id=75"},"modified":"2026-04-29T10:45:31","modified_gmt":"2026-04-29T08:45:31","slug":"about-2","status":"publish","type":"page","link":"https:\/\/ktarchitekci.pl\/?page_id=516","title":{"rendered":"Nasza <strong>pracownia<\/strong>"},"content":{"rendered":"<p>[vc_row cth_layout=&#8221;monolit_page_sec&#8221; sec_number=&#8221;01&#8243; el_id=&#8221;sec1&#8243;][vc_column offset=&#8221;vc_col-md-8&#8243;][vc_column_text]<\/p>\n<h2 class=\"section-title\">Liczy si\u0119 <strong>efekt<\/strong><\/h2>\n<p>Dostarczamy inwestorom produkt w postaci pozwole\u0144 na budow\u0119 dla ich wymarzonych inwestycji. Od namiot\u00f3w po zak\u0142ady chemiczne. Pomagamy jak tylko mo\u017cemy, cho\u0107by to mia\u0142a by\u0107 elektrownia atomowa.<\/p>\n<p>Dzia\u0142amy od pocz\u0105tku do ko\u0144ca. Inwestor dostarcza punkt na mapie i pomys\u0142. My za\u0142atwiamy t\u0105 map\u0119, ale te\u017c porz\u0105dn\u0105 geotechnik\u0119, wypis z planu, warunki dostawy medi\u00f3w i ca\u0142e pud\u0142a innych dokument\u00f3w. Rozwi\u0105zujemy problemy. Gasimy po\u017cary. Je\u015bli trzeba biegamy, \u015bcigamy si\u0119 z czasem, chodzimy od drzwi do drzwi (czasem i po dachach), wymy\u015blamy, wyja\u015bniamy, z u\u015bmiechem dzwonimy do piek\u0142a. Wszystko po to, by w pi\u0105tek nad szklaneczk\u0105 szkockiej m\u00f3c sobie powiedzie\u0107, \u017ce mo\u017ce i jeste\u015bmy zm\u0119czeni, ale sprawy znowu id\u0105 naprz\u00f3d. By kolejny projekt przybli\u017cy\u0107 do realizacji. By oczywistym by\u0142o to, \u017ce chc\u0105c budowa\u0107 przemys\u0142, trzeba najpierw przyj\u015b\u0107 do nas.<\/p>\n<div class=\"process-box\">\n<h3>Co robimy<\/h3>\n<ul class=\"creat-list\">\n<li><a href=\"#\">przemys\u0142<\/a><\/li>\n<li><a href=\"#\">komercja<\/a><\/li>\n<li><a href=\"#\">mieszkani\u00f3wka<\/a><\/li>\n<\/ul>\n<\/div>\n<p>[\/vc_column_text][\/vc_column][vc_column offset=&#8221;vc_col-md-4&#8243;][monolit_parallax_box box_pos=&#8221;center&#8221;]<img loading=\"lazy\" decoding=\"async\" class=\"alignnone wp-image-817\" src=\"http:\/\/ktarchitekci.pl\/wp-content\/uploads\/2022\/12\/6U3A9068-copy-200x300.jpg\" alt=\"\" width=\"576\" height=\"864\" srcset=\"https:\/\/ktarchitekci.pl\/wp-content\/uploads\/2022\/12\/6U3A9068-copy-200x300.jpg 200w, https:\/\/ktarchitekci.pl\/wp-content\/uploads\/2022\/12\/6U3A9068-copy-683x1024.jpg 683w, https:\/\/ktarchitekci.pl\/wp-content\/uploads\/2022\/12\/6U3A9068-copy-768x1152.jpg 768w, https:\/\/ktarchitekci.pl\/wp-content\/uploads\/2022\/12\/6U3A9068-copy-1024x1536.jpg 1024w, https:\/\/ktarchitekci.pl\/wp-content\/uploads\/2022\/12\/6U3A9068-copy-1365x2048.jpg 1365w, https:\/\/ktarchitekci.pl\/wp-content\/uploads\/2022\/12\/6U3A9068-copy-scaled.jpg 1707w\" sizes=\"auto, (max-width: 576px) 100vw, 576px\" \/>[\/monolit_parallax_box][\/vc_column][\/vc_row][vc_row cth_layout=&#8221;monolit_page_sec&#8221; sec_number=&#8221;03&#8243; el_id=&#8221;sec3&#8243;][vc_column][vc_column_text]<\/p>\n<h2 class=\"section-title dec-title\"><span class=\"no-rep\">Niezawodny <strong>zesp\u00f3\u0142<\/strong><\/span><\/h2>\n<p>[\/vc_column_text][vc_row_inner][vc_column_inner width=&#8221;1\/2&#8243; offset=&#8221;vc_col-md-4&#8243;][monolit_member photo=&#8221;1100&#8243; socials=&#8221;%5B%7B%7D%5D&#8221;]<\/p>\n<h3>Jaros\u0142aw Kukier<\/h3>\n<h4>CEO\/ architekt prowadz\u0105cy<\/h4>\n<p>[\/monolit_member][\/vc_column_inner][vc_column_inner width=&#8221;1\/2&#8243; offset=&#8221;vc_col-md-4&#8243;][monolit_member photo=&#8221;1099&#8243; socials=&#8221;%5B%7B%7D%5D&#8221; parallax_value=&#8221;-100&#8243;]<\/p>\n<h3>Karol Tymczak<\/h3>\n<h4>CEO\/ architekt prowadz\u0105cy<\/h4>\n<p>[\/monolit_member][\/vc_column_inner][vc_column_inner width=&#8221;1\/2&#8243; offset=&#8221;vc_col-md-4&#8243;][monolit_member photo=&#8221;1095&#8243; socials=&#8221;%5B%7B%7D%5D&#8221;]<\/p>\n<h3>Katarzyna Jaworowska<\/h3>\n<h4>Architektka<\/h4>\n<p>[\/monolit_member][\/vc_column_inner][\/vc_row_inner][vc_row_inner][vc_column_inner width=&#8221;1\/2&#8243; offset=&#8221;vc_col-md-4&#8243;][monolit_member photo=&#8221;1094&#8243; socials=&#8221;%5B%7B%7D%5D&#8221;]<\/p>\n<h3>Monika Ciuraj<\/h3>\n<h4>Architektka<\/h4>\n<p>[\/monolit_member][\/vc_column_inner][vc_column_inner width=&#8221;1\/2&#8243; offset=&#8221;vc_col-md-4&#8243;][monolit_member photo=&#8221;1091&#8243; socials=&#8221;%5B%7B%7D%5D&#8221; parallax_value=&#8221;-100&#8243;]<\/p>\n<h3>Anna Klimek<\/h3>\n<h4>Architektka<\/h4>\n<p>[\/monolit_member][\/vc_column_inner][vc_column_inner width=&#8221;1\/2&#8243; offset=&#8221;vc_col-md-4&#8243;][monolit_member photo=&#8221;1092&#8243; socials=&#8221;%5B%7B%7D%5D&#8221;]<\/p>\n<h3>Dagmara Go\u017adzicka<\/h3>\n<h4>Architektka<\/h4>\n<p>[\/monolit_member][\/vc_column_inner][\/vc_row_inner][vc_row_inner][vc_column_inner width=&#8221;1\/2&#8243; offset=&#8221;vc_col-md-4&#8243;][monolit_member photo=&#8221;1093&#8243; socials=&#8221;%5B%7B%7D%5D&#8221;]<\/p>\n<h3>Aleksandra Fus<\/h3>\n<h4>Architektka<\/h4>\n<p>[\/monolit_member][\/vc_column_inner][vc_column_inner width=&#8221;1\/2&#8243; offset=&#8221;vc_col-md-4&#8243;][monolit_member photo=&#8221;1096&#8243; socials=&#8221;%5B%7B%7D%5D&#8221; parallax_value=&#8221;-100&#8243;]<\/p>\n<h3>Mateusz Jankiewicz<\/h3>\n<h4>Architekt<\/h4>\n<p>[\/monolit_member][\/vc_column_inner][vc_column_inner width=&#8221;1\/2&#8243; offset=&#8221;vc_col-md-4&#8243;][monolit_member photo=&#8221;1098&#8243; socials=&#8221;%5B%7B%7D%5D&#8221;]<\/p>\n<h3>Anna Tymczak<\/h3>\n<h4>Architektka\/ Architektka wn\u0119trz<\/h4>\n<p>[\/monolit_member][\/vc_column_inner][\/vc_row_inner][vc_row_inner][vc_column_inner width=&#8221;1\/2&#8243; offset=&#8221;vc_col-md-4&#8243;][monolit_member photo=&#8221;1097&#8243; socials=&#8221;%5B%7B%7D%5D&#8221;]<\/p>\n<h3>Bajer Tymczak<\/h3>\n<h4>Dogoterapeuta (taki bajer)<\/h4>\n<p>[\/monolit_member][\/vc_column_inner][\/vc_row_inner][\/vc_column][\/vc_row][vc_row cth_layout=&#8221;monolit_page_sec&#8221; sec_number=&#8221;05&#8243; el_id=&#8221;sec4&#8243;][vc_column][vc_column_text]<\/p>\n<h2 class=\"section-title dec-title\"><span class=\"no-rep\">Nasza <strong>historia<\/strong><\/span><\/h2>\n<p>Zaczynali\u015bmy skromnie ale z du\u017cymi ambicjami. Powoli ale systematycznie realizujemy marzenie o najlepszej pracowni w mie\u015bcie. I tak jak teraz mo\u017cemy powiedzie\u0107 \u017ce ju\u017c jest naprawd\u0119 dobrze, tak wiemy \u017ce najlepsze dopiero przed nami.[\/vc_column_text][monolit_timelines count=&#8221;4&#8243; order=&#8221;ASC&#8221;][vc_column_text]<\/p>\n<div class=\"custom-link-holder\"><a class=\"btn anim-button\" href=\"http:\/\/demowp.cththemes.net\/monolit\/contact\/\" data-top-bottom=\"transform: translateY(-50px);\" data-bottom-top=\"transform: translateY(50px);\"><span class=\"no-rep\">Get in Touch<\/span><i class=\"fa fa-long-arrow-right\"><\/i><\/a><\/div>\n<p>[\/vc_column_text][\/vc_column][\/vc_row]<\/p>\n","protected":false},"excerpt":{"rendered":"<p>[vc_row cth_layout=&#8221;monolit_page_sec&#8221; sec_number=&#8221;01&#8243; el_id=&#8221;sec1&#8243;][vc_column offset=&#8221;vc_col-md-8&#8243;][vc_column_text] Liczy si\u0119 efekt Dostarczamy inwestorom produkt w postaci pozwole\u0144 na budow\u0119 dla ich wymarzonych inwestycji. Od namiot\u00f3w po zak\u0142ady chemiczne. Pomagamy jak tylko mo\u017cemy, cho\u0107by to mia\u0142a by\u0107 elektrownia atomowa. Dzia\u0142amy od pocz\u0105tku do ko\u0144ca. Inwestor dostarcza punkt na mapie i pomys\u0142. My za\u0142atwiamy t\u0105 map\u0119, ale te\u017c porz\u0105dn\u0105 geotechnik\u0119, [&hellip;]<\/p>\n","protected":false},"author":1,"featured_media":0,"parent":0,"menu_order":0,"comment_status":"closed","ping_status":"closed","template":"page-fullwidth.php","meta":{"footnotes":""},"class_list":["post-516","page","type-page","status-publish","hentry"],"_links":{"self":[{"href":"https:\/\/ktarchitekci.pl\/index.php?rest_route=\/wp\/v2\/pages\/516","targetHints":{"allow":["GET"]}}],"collection":[{"href":"https:\/\/ktarchitekci.pl\/index.php?rest_route=\/wp\/v2\/pages"}],"about":[{"href":"https:\/\/ktarchitekci.pl\/index.php?rest_route=\/wp\/v2\/types\/page"}],"author":[{"embeddable":true,"href":"https:\/\/ktarchitekci.pl\/index.php?rest_route=\/wp\/v2\/users\/1"}],"replies":[{"embeddable":true,"href":"https:\/\/ktarchitekci.pl\/index.php?rest_route=%2Fwp%2Fv2%2Fcomments&post=516"}],"version-history":[{"count":24,"href":"https:\/\/ktarchitekci.pl\/index.php?rest_route=\/wp\/v2\/pages\/516\/revisions"}],"predecessor-version":[{"id":1106,"href":"https:\/\/ktarchitekci.pl\/index.php?rest_route=\/wp\/v2\/pages\/516\/revisions\/1106"}],"wp:attachment":[{"href":"https:\/\/ktarchitekci.pl\/index.php?rest_route=%2Fwp%2Fv2%2Fmedia&parent=516"}],"curies":[{"name":"wp","href":"https:\/\/api.w.org\/{rel}","templated":true}]}}