{"id":172,"date":"2016-02-21T15:46:30","date_gmt":"2016-02-21T15:46:30","guid":{"rendered":"http:\/\/demowp.cththemes.net\/monolit\/?page_id=172"},"modified":"2022-12-12T17:28:02","modified_gmt":"2022-12-12T16:28:02","slug":"contact-2","status":"publish","type":"page","link":"https:\/\/ktarchitekci.pl\/?page_id=172","title":{"rendered":"KTA \/ <strong>kontakt<\/strong>"},"content":{"rendered":"<p>[vc_row cth_layout=&#8221;monolit_page_sec&#8221;][vc_column offset=&#8221;vc_col-md-8&#8243;][vc_column_text]<\/p>\n<h2 class=\"section-title\">Zapraszamy <strong>do naszego biura<\/strong><\/h2>\n<p>Wiemy z do\u015bwiadczenia, \u017ce do naszego biura bardzo \u0142atwo trafi\u0107&#8230; ale dopiero za drugim razem. Za pierwszym zawsze lepiej najpierw skorzysta\u0107 z nawigacji albo pinezki Google. Nawigacj\u0119 polecamy ustawia\u0107 na ulic\u0119 Ba\u015bniow\u0105 3, dzi\u0119ki czemu mo\u017cna zaparkowa\u0107 najbli\u017cej.<\/p>\n<p>Tu znajdziesz link do pinezki &#8211; <a href=\"https:\/\/goo.gl\/maps\/HuejvqmytD6dbLpf9\">klik<\/a>[\/vc_column_text][\/vc_column][vc_column][vc_gmaps link=&#8221;#E-8_JTNDaWZyYW1lJTIwc3JjJTNEJTIyaHR0cHMlM0ElMkYlMkZ3d3cuZ29vZ2xlLmNvbSUyRm1hcHMlMkZlbWJlZCUzRnBiJTNEJTIxMW0xOCUyMTFtMTIlMjExbTMlMjExZDMxMi4xNDkyNTg2NjA4NjQ2MyUyMTJkMjIuNTE3MTUxMDg2ODQ0MjY1JTIxM2Q1MS4yNTIzMzYwNDU4NjQ3MTYlMjEybTMlMjExZjAlMjEyZjAlMjEzZjAlMjEzbTIlMjExaTEwMjQlMjEyaTc2OCUyMTRmMTMuMSUyMTNtMyUyMTFtMiUyMTFzMHgwJTI1M0EweDliYTQ2MjExZDUzYjhhMTYlMjEyc1R5bWN6YWslMjUyMGklMjUyMEt1a2llciUyNTIwQXJjaGl0ZWtjaSUyNTIwc3AuJTI1MjB6JTI1MjBvLm8uJTIxNWUwJTIxM20yJTIxMXNwbCUyMTJzcGwlMjE0djE2NzA4NjA1OTA4MjglMjE1bTIlMjExc3BsJTIxMnNwbCUyMiUyMHdpZHRoJTNEJTIyNjAwJTIyJTIwaGVpZ2h0JTNEJTIyNDUwJTIyJTIwc3R5bGUlM0QlMjJib3JkZXIlM0EwJTNCJTIyJTIwYWxsb3dmdWxsc2NyZWVuJTNEJTIyJTIyJTIwbG9hZGluZyUzRCUyMmxhenklMjIlMjByZWZlcnJlcnBvbGljeSUzRCUyMm5vLXJlZmVycmVyLXdoZW4tZG93bmdyYWRlJTIyJTNFJTNDJTJGaWZyYW1lJTNF&#8221;][\/vc_column][vc_column offset=&#8221;vc_col-md-8&#8243;][vc_row_inner css=&#8221;.vc_custom_1456151205880{padding-top: 30px !important;}&#8221;][vc_column_inner offset=&#8221;vc_col-md-4&#8243;][vc_column_text]<\/p>\n<h4 class=\"contact-details\">Tymczak i Kukier Architekci sp. z o.o.<\/h4>\n<ul class=\"contact-details\">\n<li>NIP 712 336 99 47<\/li>\n<li>KRS 0000 89 13 55<\/li>\n<\/ul>\n<p>[\/vc_column_text][\/vc_column_inner][vc_column_inner offset=&#8221;vc_col-md-4&#8243;][vc_column_text]<\/p>\n<h4 class=\"contact-details\">Adres:<\/h4>\n<ul class=\"contact-details\">\n<li>ul. Czeremchowa 16<\/li>\n<li>lokal us\u0142ugowy 1<\/li>\n<li>20-807 Lublin<\/li>\n<\/ul>\n<p>[\/vc_column_text][\/vc_column_inner][vc_column_inner offset=&#8221;vc_col-md-4&#8243;][vc_column_text]<\/p>\n<h4 class=\"contact-details\">Znajd\u017a nas :<\/h4>\n<ul class=\"contact-details\">\n<li><a href=\"https:\/\/www.facebook.com\/cththemes\" target=\"_blank\" rel=\"noopener\">Facebook<\/a><\/li>\n<li><a href=\"https:\/\/twitter.com\/CTHthemes\" target=\"_blank\" rel=\"noopener\">Twitter <\/a><\/li>\n<li><a href=\"#\" target=\"_blank\" rel=\"noopener\">Instagram<\/a><\/li>\n<\/ul>\n<p>[\/vc_column_text][\/vc_column_inner][\/vc_row_inner][vc_row_inner][vc_column_inner]\n<div class=\"wpcf7 no-js\" id=\"wpcf7-f519-o1\" lang=\"en-US\" dir=\"ltr\">\n<div class=\"screen-reader-response\"><p role=\"status\" aria-live=\"polite\" aria-atomic=\"true\"><\/p> <ul><\/ul><\/div>\n<form action=\"\/index.php?rest_route=%2Fwp%2Fv2%2Fpages%2F172#wpcf7-f519-o1\" method=\"post\" class=\"wpcf7-form init\" aria-label=\"Contact form\" novalidate=\"novalidate\" data-status=\"init\">\n<div style=\"display: none;\">\n<input type=\"hidden\" name=\"_wpcf7\" value=\"519\" \/>\n<input type=\"hidden\" name=\"_wpcf7_version\" value=\"5.9.4\" \/>\n<input type=\"hidden\" name=\"_wpcf7_locale\" value=\"en_US\" \/>\n<input type=\"hidden\" name=\"_wpcf7_unit_tag\" value=\"wpcf7-f519-o1\" \/>\n<input type=\"hidden\" name=\"_wpcf7_container_post\" value=\"0\" \/>\n<input type=\"hidden\" name=\"_wpcf7_posted_data_hash\" value=\"\" \/>\n<\/div>\n<div class=\"contact-form-holder\">\n\t<div id=\"contact-form\">\n\t\t<p><span class=\"wpcf7-form-control-wrap\" data-name=\"your-name\"><input size=\"40\" class=\"wpcf7-form-control wpcf7-text wpcf7-validates-as-required\" aria-required=\"true\" aria-invalid=\"false\" placeholder=\"nazwisko\" value=\"\" type=\"text\" name=\"your-name\" \/><\/span><br \/>\n<span class=\"wpcf7-form-control-wrap\" data-name=\"your-email\"><input size=\"40\" class=\"wpcf7-form-control wpcf7-email wpcf7-validates-as-required wpcf7-text wpcf7-validates-as-email\" aria-required=\"true\" aria-invalid=\"false\" placeholder=\"e-mail\" value=\"\" type=\"email\" name=\"your-email\" \/><\/span><br \/>\n<span class=\"wpcf7-form-control-wrap\" data-name=\"your-message\"><textarea cols=\"40\" rows=\"10\" class=\"wpcf7-form-control wpcf7-textarea wpcf7-validates-as-required\" aria-required=\"true\" aria-invalid=\"false\" placeholder=\"wiadomo\u015b\u0107\" name=\"your-message\"><\/textarea><\/span><br \/>\n<input class=\"wpcf7-form-control wpcf7-submit has-spinner\" id=\"submit\" type=\"submit\" value=\"wy\u015blij wiadomo\u015b\u0107\" \/>\n\t\t<\/p>\n\t<\/div>\n<\/div>\n<div class=\"clearfix\">\n<\/div><p style=\"display: none !important;\" class=\"akismet-fields-container\" data-prefix=\"_wpcf7_ak_\"><label>&#916;<textarea name=\"_wpcf7_ak_hp_textarea\" cols=\"45\" rows=\"8\" maxlength=\"100\"><\/textarea><\/label><input type=\"hidden\" id=\"ak_js_1\" name=\"_wpcf7_ak_js\" value=\"154\"\/><script>document.getElementById( \"ak_js_1\" ).setAttribute( \"value\", ( new Date() ).getTime() );<\/script><\/p><div class=\"wpcf7-response-output\" aria-hidden=\"true\"><\/div>\n<\/form>\n<\/div>\n[\/vc_column_inner][\/vc_row_inner][\/vc_column][\/vc_row][vc_row][vc_column][\/vc_column][\/vc_row]<\/p>\n","protected":false},"excerpt":{"rendered":"<p>[vc_row cth_layout=&#8221;monolit_page_sec&#8221;][vc_column offset=&#8221;vc_col-md-8&#8243;][vc_column_text] Zapraszamy do naszego biura Wiemy z do\u015bwiadczenia, \u017ce do naszego biura bardzo \u0142atwo trafi\u0107&#8230; ale dopiero za drugim razem. Za pierwszym zawsze lepiej najpierw skorzysta\u0107 z nawigacji albo pinezki Google. Nawigacj\u0119 polecamy ustawia\u0107 na ulic\u0119 Ba\u015bniow\u0105 3, dzi\u0119ki czemu mo\u017cna zaparkowa\u0107 najbli\u017cej. Tu znajdziesz link do pinezki &#8211; klik[\/vc_column_text][\/vc_column][vc_column][vc_gmaps link=&#8221;#E-8_JTNDaWZyYW1lJTIwc3JjJTNEJTIyaHR0cHMlM0ElMkYlMkZ3d3cuZ29vZ2xlLmNvbSUyRm1hcHMlMkZlbWJlZCUzRnBiJTNEJTIxMW0xOCUyMTFtMTIlMjExbTMlMjExZDMxMi4xNDkyNTg2NjA4NjQ2MyUyMTJkMjIuNTE3MTUxMDg2ODQ0MjY1JTIxM2Q1MS4yNTIzMzYwNDU4NjQ3MTYlMjEybTMlMjExZjAlMjEyZjAlMjEzZjAlMjEzbTIlMjExaTEwMjQlMjEyaTc2OCUyMTRmMTMuMSUyMTNtMyUyMTFtMiUyMTFzMHgwJTI1M0EweDliYTQ2MjExZDUzYjhhMTYlMjEyc1R5bWN6YWslMjUyMGklMjUyMEt1a2llciUyNTIwQXJjaGl0ZWtjaSUyNTIwc3AuJTI1MjB6JTI1MjBvLm8uJTIxNWUwJTIxM20yJTIxMXNwbCUyMTJzcGwlMjE0djE2NzA4NjA1OTA4MjglMjE1bTIlMjExc3BsJTIxMnNwbCUyMiUyMHdpZHRoJTNEJTIyNjAwJTIyJTIwaGVpZ2h0JTNEJTIyNDUwJTIyJTIwc3R5bGUlM0QlMjJib3JkZXIlM0EwJTNCJTIyJTIwYWxsb3dmdWxsc2NyZWVuJTNEJTIyJTIyJTIwbG9hZGluZyUzRCUyMmxhenklMjIlMjByZWZlcnJlcnBvbGljeSUzRCUyMm5vLXJlZmVycmVyLXdoZW4tZG93bmdyYWRlJTIyJTNFJTNDJTJGaWZyYW1lJTNF&#8221;][\/vc_column][vc_column offset=&#8221;vc_col-md-8&#8243;][vc_row_inner css=&#8221;.vc_custom_1456151205880{padding-top: [&hellip;]<\/p>\n","protected":false},"author":1,"featured_media":0,"parent":9,"menu_order":0,"comment_status":"closed","ping_status":"closed","template":"page-fullwidth.php","meta":{"footnotes":""},"class_list":["post-172","page","type-page","status-publish","hentry"],"_links":{"self":[{"href":"https:\/\/ktarchitekci.pl\/index.php?rest_route=\/wp\/v2\/pages\/172","targetHints":{"allow":["GET"]}}],"collection":[{"href":"https:\/\/ktarchitekci.pl\/index.php?rest_route=\/wp\/v2\/pages"}],"about":[{"href":"https:\/\/ktarchitekci.pl\/index.php?rest_route=\/wp\/v2\/types\/page"}],"author":[{"embeddable":true,"href":"https:\/\/ktarchitekci.pl\/index.php?rest_route=\/wp\/v2\/users\/1"}],"replies":[{"embeddable":true,"href":"https:\/\/ktarchitekci.pl\/index.php?rest_route=%2Fwp%2Fv2%2Fcomments&post=172"}],"version-history":[{"count":15,"href":"https:\/\/ktarchitekci.pl\/index.php?rest_route=\/wp\/v2\/pages\/172\/revisions"}],"predecessor-version":[{"id":802,"href":"https:\/\/ktarchitekci.pl\/index.php?rest_route=\/wp\/v2\/pages\/172\/revisions\/802"}],"up":[{"embeddable":true,"href":"https:\/\/ktarchitekci.pl\/index.php?rest_route=\/wp\/v2\/pages\/9"}],"wp:attachment":[{"href":"https:\/\/ktarchitekci.pl\/index.php?rest_route=%2Fwp%2Fv2%2Fmedia&parent=172"}],"curies":[{"name":"wp","href":"https:\/\/api.w.org\/{rel}","templated":true}]}}